{"id":19537,"date":"2024-07-25T10:48:33","date_gmt":"2024-07-25T10:48:33","guid":{"rendered":"https:\/\/4rooms.lt\/?page_id=19537"},"modified":"2024-08-15T10:17:54","modified_gmt":"2024-08-15T07:17:54","slug":"about-company","status":"publish","type":"page","link":"https:\/\/4rooms.lt\/lt\/about-company\/","title":{"rendered":"Apie"},"content":{"rendered":"<div data-elementor-type=\"wp-post\" data-elementor-id=\"19537\" class=\"elementor elementor-19537\" data-elementor-post-type=\"page\">\n\t\t\t\t<div class=\"elementor-element elementor-element-f4b7ae9 e-flex e-con-boxed e-con e-parent\" data-id=\"f4b7ae9\" data-element_type=\"container\" data-settings=\"{&quot;background_background&quot;:&quot;classic&quot;}\">\n\t\t\t\t\t<div class=\"e-con-inner\">\n\t\t\t\t<div class=\"elementor-element elementor-element-7b1a533 elementor-widget elementor-widget-heading\" data-id=\"7b1a533\" data-element_type=\"widget\" data-widget_type=\"heading.default\">\n\t\t\t\t<div class=\"elementor-widget-container\">\n\t\t\t<style>\/*! elementor - v3.23.0 - 15-07-2024 *\/\n.elementor-heading-title{padding:0;margin:0;line-height:1}.elementor-widget-heading .elementor-heading-title[class*=elementor-size-]>a{color:inherit;font-size:inherit;line-height:inherit}.elementor-widget-heading .elementor-heading-title.elementor-size-small{font-size:15px}.elementor-widget-heading .elementor-heading-title.elementor-size-medium{font-size:19px}.elementor-widget-heading .elementor-heading-title.elementor-size-large{font-size:29px}.elementor-widget-heading .elementor-heading-title.elementor-size-xl{font-size:39px}.elementor-widget-heading .elementor-heading-title.elementor-size-xxl{font-size:59px}<\/style><h2 class=\"elementor-heading-title elementor-size-default\">Apie mus<\/h2>\t\t<\/div>\n\t\t\t\t<\/div>\n\t\t\t\t\t<\/div>\n\t\t\t\t<\/div>\n\t\t<div class=\"elementor-element elementor-element-5bdb3581 e-flex e-con-boxed e-con e-parent\" data-id=\"5bdb3581\" data-element_type=\"container\" data-settings=\"{&quot;background_background&quot;:&quot;classic&quot;}\">\n\t\t\t\t\t<div class=\"e-con-inner\">\n\t\t<div class=\"elementor-element elementor-element-55f6309d e-con-full e-flex elementor-invisible e-con e-child\" data-id=\"55f6309d\" data-element_type=\"container\" data-settings=\"{&quot;animation&quot;:&quot;fadeInLeft&quot;}\">\n\t\t\t\t<div class=\"elementor-element elementor-element-a3c01a8 elementor-widget elementor-widget-heading\" data-id=\"a3c01a8\" data-element_type=\"widget\" data-widget_type=\"heading.default\">\n\t\t\t\t<div class=\"elementor-widget-container\">\n\t\t\t<h2 class=\"elementor-heading-title elementor-size-default\">Apie mus<\/h2>\t\t<\/div>\n\t\t\t\t<\/div>\n\t\t\t\t<div class=\"elementor-element elementor-element-c9856dc elementor-widget elementor-widget-heading\" data-id=\"c9856dc\" data-element_type=\"widget\" data-widget_type=\"heading.default\">\n\t\t\t\t<div class=\"elementor-widget-container\">\n\t\t\t<h3 class=\"elementor-heading-title elementor-size-default\">4Rooms<\/h3>\t\t<\/div>\n\t\t\t\t<\/div>\n\t\t\t\t<div class=\"elementor-element elementor-element-541458bf elementor-widget elementor-widget-text-editor\" data-id=\"541458bf\" data-element_type=\"widget\" data-widget_type=\"text-editor.default\">\n\t\t\t\t<div class=\"elementor-widget-container\">\n\t\t\t<style>\/*! elementor - v3.23.0 - 15-07-2024 *\/\n.elementor-widget-text-editor.elementor-drop-cap-view-stacked .elementor-drop-cap{background-color:#69727d;color:#fff}.elementor-widget-text-editor.elementor-drop-cap-view-framed .elementor-drop-cap{color:#69727d;border:3px solid;background-color:transparent}.elementor-widget-text-editor:not(.elementor-drop-cap-view-default) .elementor-drop-cap{margin-top:8px}.elementor-widget-text-editor:not(.elementor-drop-cap-view-default) .elementor-drop-cap-letter{width:1em;height:1em}.elementor-widget-text-editor .elementor-drop-cap{float:left;text-align:center;line-height:1;font-size:50px}.elementor-widget-text-editor .elementor-drop-cap-letter{display:inline-block}<\/style>\t\t\t\tEsame patikimas partneris tarptautiniame nekilnojamojo turto pasaulyje. Gerai i\u0161manydami rink\u0105 ir tur\u0117dami plat\u0173 kontakt\u0173 tinkl\u0105, si\u016blome i\u0161skirtin\u012f nekilnojamojo turto objekt\u0173, atitinkan\u010di\u0173 auk\u0161\u010diausius kokyb\u0117s ir komforto standartus, pasirinkim\u0105, ta\u010diau nevir\u0161ijan\u010di\u0173 optimalios kainos.\t\t\t\t\t\t<\/div>\n\t\t\t\t<\/div>\n\t\t\t\t<div class=\"elementor-element elementor-element-7384e8f elementor-widget elementor-widget-text-editor\" data-id=\"7384e8f\" data-element_type=\"widget\" data-widget_type=\"text-editor.default\">\n\t\t\t\t<div class=\"elementor-widget-container\">\n\t\t\t\t\t\t\t<strong>M\u016bs\u0173 tikslas<\/strong> apsaugoti klientus nuo rizikos, u\u017etikrinti sandorio saugum\u0105 ir skaidrum\u0105 bei teikti pagalb\u0105 kiekviename nekilnojamojo turto \u012fsigijimo etape. Siekiame, kad pirkimo procesas b\u016bt\u0173 paprastas, ai\u0161kus ir prieinamas kiekvienam m\u016bs\u0173 klientui.\t\t\t\t\t\t<\/div>\n\t\t\t\t<\/div>\n\t\t\t\t<\/div>\n\t\t<div class=\"elementor-element elementor-element-7cc59bef e-con-full e-flex elementor-invisible e-con e-child\" data-id=\"7cc59bef\" data-element_type=\"container\" data-settings=\"{&quot;background_background&quot;:&quot;classic&quot;,&quot;animation&quot;:&quot;fadeInRight&quot;}\">\n\t\t\t\t<\/div>\n\t\t\t\t\t<\/div>\n\t\t\t\t<\/div>\n\t\t<div class=\"elementor-element elementor-element-5496671 e-flex e-con-boxed elementor-invisible e-con e-parent\" data-id=\"5496671\" data-element_type=\"container\" data-settings=\"{&quot;animation&quot;:&quot;fadeInUp&quot;}\">\n\t\t\t\t\t<div class=\"e-con-inner\">\n\t\t\t\t<div class=\"elementor-element elementor-element-d27fcbe elementor-widget elementor-widget-heading\" data-id=\"d27fcbe\" data-element_type=\"widget\" data-widget_type=\"heading.default\">\n\t\t\t\t<div class=\"elementor-widget-container\">\n\t\t\t<h2 class=\"elementor-heading-title elementor-size-default\">M\u016bs\u0173 paslaugos<\/h2>\t\t<\/div>\n\t\t\t\t<\/div>\n\t\t\t\t<div class=\"elementor-element elementor-element-ee6d6ec elementor-widget elementor-widget-inspiry-icon-list-widget\" data-id=\"ee6d6ec\" data-element_type=\"widget\" data-widget_type=\"inspiry-icon-list-widget.default\">\n\t\t\t\t<div class=\"elementor-widget-container\">\n\t\t\t        <ul id=\"rhea-icon-list-ee6d6ec\" class=\"rhea-icon-list rhea-icon-list-traditional\">\n\t\t\t                <li class=\"rhea-icon-list-item\">\n\t\t\t\t\t<span class=\"rhea-icon-list-item-wrapper\">                        <span class=\"rhea-icon-list-item-icon\">\n\t\t\t\t\t\t\t<svg aria-hidden=\"true\" class=\"e-font-icon-svg e-far-calendar-check\" viewbox=\"0 0 448 512\" xmlns=\"http:\/\/www.w3.org\/2000\/svg\"><path d=\"M400 64h-48V12c0-6.627-5.373-12-12-12h-40c-6.627 0-12 5.373-12 12v52H160V12c0-6.627-5.373-12-12-12h-40c-6.627 0-12 5.373-12 12v52H48C21.49 64 0 85.49 0 112v352c0 26.51 21.49 48 48 48h352c26.51 0 48-21.49 48-48V112c0-26.51-21.49-48-48-48zm-6 400H54a6 6 0 0 1-6-6V160h352v298a6 6 0 0 1-6 6zm-52.849-200.65L198.842 404.519c-4.705 4.667-12.303 4.637-16.971-.068l-75.091-75.699c-4.667-4.705-4.637-12.303.068-16.971l22.719-22.536c4.705-4.667 12.303-4.637 16.97.069l44.104 44.461 111.072-110.181c4.705-4.667 12.303-4.637 16.971.068l22.536 22.718c4.667 4.705 4.636 12.303-.069 16.97z\"><\/path><\/svg>\t\t\t\t\t\t<\/span>\n\t\t\t\t\t                    <span class=\"rhea-icon-list-item-text\">Nekilnojamojo turto sandoriai ir dokument\u0173 tvarkymas \"iki rakt\u0173<\/span>\n\n\t\t\t\t\t<\/span>\n\t\t\t\t\t                <\/li>\n\t\t\t                <li class=\"rhea-icon-list-item\">\n\t\t\t\t\t<span class=\"rhea-icon-list-item-wrapper\">                        <span class=\"rhea-icon-list-item-icon\">\n\t\t\t\t\t\t\t<svg aria-hidden=\"true\" class=\"e-font-icon-svg e-far-comments\" viewbox=\"0 0 576 512\" xmlns=\"http:\/\/www.w3.org\/2000\/svg\"><path d=\"M532 386.2c27.5-27.1 44-61.1 44-98.2 0-80-76.5-146.1-176.2-157.9C368.3 72.5 294.3 32 208 32 93.1 32 0 103.6 0 192c0 37 16.5 71 44 98.2-15.3 30.7-37.3 54.5-37.7 54.9-6.3 6.7-8.1 16.5-4.4 25 3.6 8.5 12 14 21.2 14 53.5 0 96.7-20.2 125.2-38.8 9.2 2.1 18.7 3.7 28.4 4.9C208.1 407.6 281.8 448 368 448c20.8 0 40.8-2.4 59.8-6.8C456.3 459.7 499.4 480 553 480c9.2 0 17.5-5.5 21.2-14 3.6-8.5 1.9-18.3-4.4-25-.4-.3-22.5-24.1-37.8-54.8zm-392.8-92.3L122.1 305c-14.1 9.1-28.5 16.3-43.1 21.4 2.7-4.7 5.4-9.7 8-14.8l15.5-31.1L77.7 256C64.2 242.6 48 220.7 48 192c0-60.7 73.3-112 160-112s160 51.3 160 112-73.3 112-160 112c-16.5 0-33-1.9-49-5.6l-19.8-4.5zM498.3 352l-24.7 24.4 15.5 31.1c2.6 5.1 5.3 10.1 8 14.8-14.6-5.1-29-12.3-43.1-21.4l-17.1-11.1-19.9 4.6c-16 3.7-32.5 5.6-49 5.6-54 0-102.2-20.1-131.3-49.7C338 339.5 416 272.9 416 192c0-3.4-.4-6.7-.7-10C479.7 196.5 528 238.8 528 288c0 28.7-16.2 50.6-29.7 64z\"><\/path><\/svg>\t\t\t\t\t\t<\/span>\n\t\t\t\t\t                    <span class=\"rhea-icon-list-item-text\">Konsultacijos ir visapusi\u0161ka teisin\u0117 pagalba<\/span>\n\n\t\t\t\t\t<\/span>\n\t\t\t\t\t                <\/li>\n\t\t\t                <li class=\"rhea-icon-list-item\">\n\t\t\t\t\t<span class=\"rhea-icon-list-item-wrapper\">                        <span class=\"rhea-icon-list-item-icon\">\n\t\t\t\t\t\t\t<svg aria-hidden=\"true\" class=\"e-font-icon-svg e-far-list-alt\" viewbox=\"0 0 512 512\" xmlns=\"http:\/\/www.w3.org\/2000\/svg\"><path d=\"M464 32H48C21.49 32 0 53.49 0 80v352c0 26.51 21.49 48 48 48h416c26.51 0 48-21.49 48-48V80c0-26.51-21.49-48-48-48zm-6 400H54a6 6 0 0 1-6-6V86a6 6 0 0 1 6-6h404a6 6 0 0 1 6 6v340a6 6 0 0 1-6 6zm-42-92v24c0 6.627-5.373 12-12 12H204c-6.627 0-12-5.373-12-12v-24c0-6.627 5.373-12 12-12h200c6.627 0 12 5.373 12 12zm0-96v24c0 6.627-5.373 12-12 12H204c-6.627 0-12-5.373-12-12v-24c0-6.627 5.373-12 12-12h200c6.627 0 12 5.373 12 12zm0-96v24c0 6.627-5.373 12-12 12H204c-6.627 0-12-5.373-12-12v-24c0-6.627 5.373-12 12-12h200c6.627 0 12 5.373 12 12zm-252 12c0 19.882-16.118 36-36 36s-36-16.118-36-36 16.118-36 36-36 36 16.118 36 36zm0 96c0 19.882-16.118 36-36 36s-36-16.118-36-36 16.118-36 36-36 36 16.118 36 36zm0 96c0 19.882-16.118 36-36 36s-36-16.118-36-36 16.118-36 36-36 36 16.118 36 36z\"><\/path><\/svg>\t\t\t\t\t\t<\/span>\n\t\t\t\t\t                    <span class=\"rhea-icon-list-item-text\">Dokument\u0173 vertimas, teis\u0117s akt\u0173 vertimas ir vert\u0117jo \u017eod\u017eiu paslaugos<\/span>\n\n\t\t\t\t\t<\/span>\n\t\t\t\t\t                <\/li>\n\t\t\t                <li class=\"rhea-icon-list-item\">\n\t\t\t\t\t<span class=\"rhea-icon-list-item-wrapper\">                        <span class=\"rhea-icon-list-item-icon\">\n\t\t\t\t\t\t\t<svg aria-hidden=\"true\" class=\"e-font-icon-svg e-far-money-bill-alt\" viewbox=\"0 0 640 512\" xmlns=\"http:\/\/www.w3.org\/2000\/svg\"><path d=\"M320 144c-53.02 0-96 50.14-96 112 0 61.85 42.98 112 96 112 53 0 96-50.13 96-112 0-61.86-42.98-112-96-112zm40 168c0 4.42-3.58 8-8 8h-64c-4.42 0-8-3.58-8-8v-16c0-4.42 3.58-8 8-8h16v-55.44l-.47.31a7.992 7.992 0 0 1-11.09-2.22l-8.88-13.31a7.992 7.992 0 0 1 2.22-11.09l15.33-10.22a23.99 23.99 0 0 1 13.31-4.03H328c4.42 0 8 3.58 8 8v88h16c4.42 0 8 3.58 8 8v16zM608 64H32C14.33 64 0 78.33 0 96v320c0 17.67 14.33 32 32 32h576c17.67 0 32-14.33 32-32V96c0-17.67-14.33-32-32-32zm-16 272c-35.35 0-64 28.65-64 64H112c0-35.35-28.65-64-64-64V176c35.35 0 64-28.65 64-64h416c0 35.35 28.65 64 64 64v160z\"><\/path><\/svg>\t\t\t\t\t\t<\/span>\n\t\t\t\t\t                    <span class=\"rhea-icon-list-item-text\">Investicin\u0117s konsultacijos<\/span>\n\n\t\t\t\t\t<\/span>\n\t\t\t\t\t                <\/li>\n\t\t\t                <li class=\"rhea-icon-list-item\">\n\t\t\t\t\t<span class=\"rhea-icon-list-item-wrapper\">                        <span class=\"rhea-icon-list-item-icon\">\n\t\t\t\t\t\t\t<svg aria-hidden=\"true\" class=\"e-font-icon-svg e-far-address-card\" viewbox=\"0 0 576 512\" xmlns=\"http:\/\/www.w3.org\/2000\/svg\"><path d=\"M528 32H48C21.5 32 0 53.5 0 80v352c0 26.5 21.5 48 48 48h480c26.5 0 48-21.5 48-48V80c0-26.5-21.5-48-48-48zm0 400H48V80h480v352zM208 256c35.3 0 64-28.7 64-64s-28.7-64-64-64-64 28.7-64 64 28.7 64 64 64zm-89.6 128h179.2c12.4 0 22.4-8.6 22.4-19.2v-19.2c0-31.8-30.1-57.6-67.2-57.6-10.8 0-18.7 8-44.8 8-26.9 0-33.4-8-44.8-8-37.1 0-67.2 25.8-67.2 57.6v19.2c0 10.6 10 19.2 22.4 19.2zM360 320h112c4.4 0 8-3.6 8-8v-16c0-4.4-3.6-8-8-8H360c-4.4 0-8 3.6-8 8v16c0 4.4 3.6 8 8 8zm0-64h112c4.4 0 8-3.6 8-8v-16c0-4.4-3.6-8-8-8H360c-4.4 0-8 3.6-8 8v16c0 4.4 3.6 8 8 8zm0-64h112c4.4 0 8-3.6 8-8v-16c0-4.4-3.6-8-8-8H360c-4.4 0-8 3.6-8 8v16c0 4.4 3.6 8 8 8z\"><\/path><\/svg>\t\t\t\t\t\t<\/span>\n\t\t\t\t\t                    <span class=\"rhea-icon-list-item-text\">Pagalba gaunant vizas ir gyvenam\u0105j\u0105 viet\u0105<\/span>\n\n\t\t\t\t\t<\/span>\n\t\t\t\t\t                <\/li>\n\t\t\t                <li class=\"rhea-icon-list-item\">\n\t\t\t\t\t<span class=\"rhea-icon-list-item-wrapper\">                        <span class=\"rhea-icon-list-item-icon\">\n\t\t\t\t\t\t\t<svg aria-hidden=\"true\" class=\"e-font-icon-svg e-fas-laptop-house\" viewbox=\"0 0 640 512\" xmlns=\"http:\/\/www.w3.org\/2000\/svg\"><path d=\"M272,288H208a16,16,0,0,1-16-16V208a16,16,0,0,1,16-16h64a16,16,0,0,1,16,16v37.12C299.11,232.24,315,224,332.8,224H469.74l6.65-7.53A16.51,16.51,0,0,0,480,207a16.31,16.31,0,0,0-4.75-10.61L416,144V48a16,16,0,0,0-16-16H368a16,16,0,0,0-16,16V87.3L263.5,8.92C258,4,247.45,0,240.05,0s-17.93,4-23.47,8.92L4.78,196.42A16.15,16.15,0,0,0,0,207a16.4,16.4,0,0,0,3.55,9.39L22.34,237.7A16.22,16.22,0,0,0,33,242.48,16.51,16.51,0,0,0,42.34,239L64,219.88V384a32,32,0,0,0,32,32H272ZM629.33,448H592V288c0-17.67-12.89-32-28.8-32H332.8c-15.91,0-28.8,14.33-28.8,32V448H266.67A10.67,10.67,0,0,0,256,458.67v10.66A42.82,42.82,0,0,0,298.6,512H597.4A42.82,42.82,0,0,0,640,469.33V458.67A10.67,10.67,0,0,0,629.33,448ZM544,448H352V304H544Z\"><\/path><\/svg>\t\t\t\t\t\t<\/span>\n\t\t\t\t\t                    <span class=\"rhea-icon-list-item-text\">Nekilnojamojo turto valdymas po \u012fsigijimo<\/span>\n\n\t\t\t\t\t<\/span>\n\t\t\t\t\t                <\/li>\n\t\t\t        <\/ul>\n\t\t\t\t<\/div>\n\t\t\t\t<\/div>\n\t\t\t\t\t<\/div>\n\t\t\t\t<\/div>\n\t\t\t\t<section class=\"elementor-section elementor-top-section elementor-element elementor-element-810eaf6 elementor-section-stretched elementor-section-full_width elementor-section-height-default elementor-section-height-default\" data-id=\"810eaf6\" data-element_type=\"section\" data-settings=\"{&quot;stretch_section&quot;:&quot;section-stretched&quot;,&quot;background_background&quot;:&quot;classic&quot;}\">\n\t\t\t\t\t\t\t<div class=\"elementor-background-overlay\"><\/div>\n\t\t\t\t\t\t\t<div class=\"elementor-container elementor-column-gap-no\">\n\t\t\t\t\t<div class=\"elementor-column elementor-col-100 elementor-top-column elementor-element elementor-element-94552da\" data-id=\"94552da\" data-element_type=\"column\">\n\t\t\t<div class=\"elementor-widget-wrap elementor-element-populated\">\n\t\t\t\t\t\t<div class=\"elementor-element elementor-element-543a448 elementor-widget elementor-widget-ere-cta-widget\" data-id=\"543a448\" data-element_type=\"widget\" data-widget_type=\"ere-cta-widget.default\">\n\t\t\t\t<div class=\"elementor-widget-container\">\n\t\t\t        <section\n                class=\"rh_elementor_widget rh_section__cta_elementor rh_cta--featured_elementor ere_cta_parallax\" style=\"background-size: auto; background-image: url(https:\/\/di.realhomes.io\/modern-elementor\/wp-content\/uploads\/sites\/5\/2019\/01\/cta-bg.jpg ) \">\n\n\n\t\t\t                <div class=\"elementor_overlay_cta_1\"><\/div>\n\t\t\t            <div class=\"wrapper-section-contents_elementor\">\n                <div class=\"rh_cta__wrap_elementor\">\n\n\t\t\t\t\t                        <p class=\"rh_cta__title\">Pirkti arba parduoti<\/p>\n\t\t\t\t\t\n\t\t\t\t\t                        <h3 class=\"rh_cta__quote\">Ie\u0161kote pirkti nauj\u0105 nekilnojam\u0105j\u012f turt\u0105 arba parduoti esam\u0105? \"4Rooms\" si\u016blo paprast\u0105 sprendim\u0105!<\/h3>\n\t\t\t\t\t\n                    <div class=\"rh_cta__btns_elementor\">\n\n\t\t\t\t\t\t                            <a href=\"#\"\n                               class=\"cta_elementor_first_button cta_elementor_button\">Pateikti nuosavyb\u0119<\/a>\n\t\t\t\t\t\t\n\t\t\t\t\t\t                            <a href=\"#\"\n                               class=\"cta_elementor_second_button cta_elementor_button\">Nar\u0161yti savybes<\/a>\n\t\t\t\t\t\t\n                    <\/div>\n\n                <\/div>\n            <\/div>\n\n        <\/section>\n\n\t\t\t\t<\/div>\n\t\t\t\t<\/div>\n\t\t\t\t\t<\/div>\n\t\t<\/div>\n\t\t\t\t\t<\/div>\n\t\t<\/section>\n\t\t\t\t<\/div>","protected":false},"excerpt":{"rendered":"<p>About us About Us Four Rooms is: Four Rooms is your reliable partner in the world of international real estate. With a deep understanding of the market and an extensive network of contacts, we offer an exclusive selection of properties that meet the highest standards of quality and comfort, while remaining within an optimal price&#8230;<\/p>","protected":false},"author":1,"featured_media":0,"parent":0,"menu_order":0,"comment_status":"open","ping_status":"closed","template":"elementor_header_footer","meta":{"footnotes":""},"class_list":["post-19537","page","type-page","status-publish","hentry"],"_links":{"self":[{"href":"https:\/\/4rooms.lt\/lt\/wp-json\/wp\/v2\/pages\/19537"}],"collection":[{"href":"https:\/\/4rooms.lt\/lt\/wp-json\/wp\/v2\/pages"}],"about":[{"href":"https:\/\/4rooms.lt\/lt\/wp-json\/wp\/v2\/types\/page"}],"author":[{"embeddable":true,"href":"https:\/\/4rooms.lt\/lt\/wp-json\/wp\/v2\/users\/1"}],"replies":[{"embeddable":true,"href":"https:\/\/4rooms.lt\/lt\/wp-json\/wp\/v2\/comments?post=19537"}],"version-history":[{"count":18,"href":"https:\/\/4rooms.lt\/lt\/wp-json\/wp\/v2\/pages\/19537\/revisions"}],"predecessor-version":[{"id":20463,"href":"https:\/\/4rooms.lt\/lt\/wp-json\/wp\/v2\/pages\/19537\/revisions\/20463"}],"wp:attachment":[{"href":"https:\/\/4rooms.lt\/lt\/wp-json\/wp\/v2\/media?parent=19537"}],"curies":[{"name":"wp","href":"https:\/\/api.w.org\/{rel}","templated":true}]}}